{"id":16567,"date":"2020-01-27T15:48:59","date_gmt":"2020-01-27T14:48:59","guid":{"rendered":"https:\/\/sportquantum.com\/unterstuetzung\/"},"modified":"2025-12-12T16:47:38","modified_gmt":"2025-12-12T15:47:38","slug":"unterstuetzung","status":"publish","type":"page","link":"https:\/\/sportquantum.com\/de\/unterstuetzung\/","title":{"rendered":"Unterst\u00fctzung"},"content":{"rendered":"<p>[et_pb_section fb_built=&#8220;1&#8243; admin_label=&#8220;section&#8220; _builder_version=&#8220;4.16&#8243; global_colors_info=&#8220;{}&#8220;][et_pb_row column_structure=&#8220;1_3,1_3,1_3&#8243; admin_label=&#8220;row&#8220; _builder_version=&#8220;4.19.2&#8243; background_size=&#8220;initial&#8220; background_position=&#8220;top_left&#8220; background_repeat=&#8220;repeat&#8220; custom_margin=&#8220;60px||60px||true|false&#8220; global_colors_info=&#8220;{}&#8220;][et_pb_column type=&#8220;1_3&#8243; _builder_version=&#8220;4.16&#8243; custom_padding=&#8220;|||&#8220; global_colors_info=&#8220;{}&#8220; custom_padding__hover=&#8220;|||&#8220;][et_pb_blurb title=&#8220;Hilfszentrum&#8220; url=&#8220;@ET-DC@eyJkeW5hbWljIjp0cnVlLCJjb250ZW50IjoicG9zdF9saW5rX3VybF9wYWdlIiwic2V0dGluZ3MiOnsicG9zdF9pZCI6IjE2NzUxIn19@&#8220; use_icon=&#8220;on&#8220; font_icon=&#8220;&#xf128;||fa||900&#8243; icon_color=&#8220;#14e5bf&#8220; image_icon_background_color=&#8220;#f2f2f5&#8243; image_icon_width=&#8220;68px&#8220; _builder_version=&#8220;4.19.2&#8243; _dynamic_attributes=&#8220;url&#8220; _module_preset=&#8220;default&#8220; header_font=&#8220;|600||on|||||&#8220; header_text_align=&#8220;center&#8220; header_text_color=&#8220;#5fbdad&#8220; image_icon_custom_padding=&#8220;70px|80px|70px|80px|true|true&#8220; border_radii_image=&#8220;on|200px|200px|200px|200px&#8220; global_colors_info=&#8220;{}&#8220; image_icon_background_color__hover_enabled=&#8220;on|hover&#8220; image_icon_background_color__hover=&#8220;#5c5c5c&#8220; icon_color__hover_enabled=&#8220;on|hover&#8220; icon_color__hover=&#8220;#FFFFFF&#8220;]<\/p>\n<p style=\"text-align: center;\">H\u00e4ufig gestellte Fragen und ihre Antworten, nach Themen kategorisiert, um Ihnen bei der t\u00e4glichen Verwendung, Fehlerbehebung oder Wartung Ihres Ziels zu helfen<\/p>\n<p>&nbsp;<\/p>\n<p>[\/et_pb_blurb][\/et_pb_column][et_pb_column type=&#8220;1_3&#8243; _builder_version=&#8220;4.16&#8243; custom_padding=&#8220;|||&#8220; global_colors_info=&#8220;{}&#8220; custom_padding__hover=&#8220;|||&#8220;][et_pb_blurb title=&#8220;BEDIENUNGSANLEITUNG&#8220; url=&#8220;https:\/\/sportquantum.com\/de\/unterstuetzung\/handbuecher\/&#8220; use_icon=&#8220;on&#8220; font_icon=&#8220;&#xf02d;||fa||900&#8243; icon_color=&#8220;#14e5bf&#8220; image_icon_background_color=&#8220;#f2f2f5&#8243; image_icon_width=&#8220;68px&#8220; _builder_version=&#8220;4.19.2&#8243; _module_preset=&#8220;default&#8220; header_font=&#8220;|600||on|||||&#8220; header_text_align=&#8220;center&#8220; header_text_color=&#8220;#5fbdad&#8220; image_icon_custom_padding=&#8220;70px|80px|70px|80px|true|true&#8220; border_radii_image=&#8220;on|200px|200px|200px|200px&#8220; global_colors_info=&#8220;{}&#8220; image_icon_background_color__hover_enabled=&#8220;on|hover&#8220; image_icon_background_color__hover=&#8220;#5c5c5c&#8220; icon_color__hover_enabled=&#8220;on|hover&#8220; icon_color__hover=&#8220;#FFFFFF&#8220;]<\/p>\n<p style=\"text-align: center;\">Eine Reihe von Handb\u00fcchern zur Verwendung Ihres Zielger\u00e4ts und seiner erweiterten Funktionen, die im PDF-Format heruntergeladen werden k\u00f6nnen. Um in der N\u00e4he zu bleiben!<\/p>\n<p>[\/et_pb_blurb][\/et_pb_column][et_pb_column type=&#8220;1_3&#8243; _builder_version=&#8220;4.16&#8243; custom_padding=&#8220;|||&#8220; global_colors_info=&#8220;{}&#8220; custom_padding__hover=&#8220;|||&#8220;][et_pb_blurb title=&#8220;UNTERST\u00dcTZUNGSBEDARF&#8220; url=&#8220;\/de\/unterstuetzung\/support\/&#8220; use_icon=&#8220;on&#8220; font_icon=&#8220;&#xf0e0;||fa||900&#8243; icon_color=&#8220;#14e5bf&#8220; image_icon_background_color=&#8220;#f2f2f5&#8243; image_icon_width=&#8220;68px&#8220; _builder_version=&#8220;4.27.5&#8243; _module_preset=&#8220;default&#8220; header_font=&#8220;|600||on|||||&#8220; header_text_align=&#8220;center&#8220; header_text_color=&#8220;#5fbdad&#8220; image_icon_custom_padding=&#8220;70px|80px|70px|80px|true|true&#8220; hover_enabled=&#8220;0&#8243; border_radii_image=&#8220;on|200px|200px|200px|200px&#8220; global_colors_info=&#8220;{}&#8220; image_icon_background_color__hover_enabled=&#8220;on|hover&#8220; image_icon_background_color__hover=&#8220;#5c5c5c&#8220; icon_color__hover_enabled=&#8220;on|hover&#8220; icon_color__hover=&#8220;#FFFFFF&#8220; sticky_enabled=&#8220;0&#8243;]<\/p>\n<p style=\"text-align: center;\"><span>Sie stehen vor einem Problem, das das Eingreifen des Supports von Sport Quantum erfordert? Sie k\u00f6nnen uns eine Anfrage senden; Wir werden so schnell wie m\u00f6glich antworten<\/span><\/p>\n<p>[\/et_pb_blurb][\/et_pb_column][\/et_pb_row][\/et_pb_section]<\/p>\n","protected":false},"excerpt":{"rendered":"<p>H\u00e4ufig gestellte Fragen und ihre Antworten, nach Themen kategorisiert, um Ihnen bei der t\u00e4glichen Verwendung, Fehlerbehebung oder Wartung Ihres Ziels zu helfen &nbsp;Eine Reihe von Handb\u00fcchern zur Verwendung Ihres Zielger\u00e4ts und seiner erweiterten Funktionen, die im PDF-Format heruntergeladen werden k\u00f6nnen. Um in der N\u00e4he zu bleiben!Sie stehen vor einem Problem, das das Eingreifen des Supports [&hellip;]<\/p>\n","protected":false},"author":2,"featured_media":0,"parent":0,"menu_order":0,"comment_status":"closed","ping_status":"closed","template":"","meta":{"_et_pb_use_builder":"on","_et_pb_old_content":"","_et_gb_content_width":"","inline_featured_image":false,"footnotes":""},"class_list":["post-16567","page","type-page","status-publish","hentry"],"_links":{"self":[{"href":"https:\/\/sportquantum.com\/de\/wp-json\/wp\/v2\/pages\/16567","targetHints":{"allow":["GET"]}}],"collection":[{"href":"https:\/\/sportquantum.com\/de\/wp-json\/wp\/v2\/pages"}],"about":[{"href":"https:\/\/sportquantum.com\/de\/wp-json\/wp\/v2\/types\/page"}],"author":[{"embeddable":true,"href":"https:\/\/sportquantum.com\/de\/wp-json\/wp\/v2\/users\/2"}],"replies":[{"embeddable":true,"href":"https:\/\/sportquantum.com\/de\/wp-json\/wp\/v2\/comments?post=16567"}],"version-history":[{"count":6,"href":"https:\/\/sportquantum.com\/de\/wp-json\/wp\/v2\/pages\/16567\/revisions"}],"predecessor-version":[{"id":36229,"href":"https:\/\/sportquantum.com\/de\/wp-json\/wp\/v2\/pages\/16567\/revisions\/36229"}],"wp:attachment":[{"href":"https:\/\/sportquantum.com\/de\/wp-json\/wp\/v2\/media?parent=16567"}],"curies":[{"name":"wp","href":"https:\/\/api.w.org\/{rel}","templated":true}]}}