{"id":26714,"date":"2022-12-20T11:11:32","date_gmt":"2022-12-20T10:11:32","guid":{"rendered":"https:\/\/sportquantum.com\/produits\/"},"modified":"2026-02-13T13:41:02","modified_gmt":"2026-02-13T12:41:02","slug":"produits","status":"publish","type":"page","link":"https:\/\/sportquantum.com\/de\/produits\/","title":{"rendered":"Produkte"},"content":{"rendered":"\n[et_pb_section fb_built=&#8220;1&#8243; _builder_version=&#8220;4.16&#8243; _module_preset=&#8220;default&#8220; background_enable_color=&#8220;off&#8220; custom_margin=&#8220;50px||||false|false&#8220; custom_padding=&#8220;30px|||||&#8220; global_colors_info=&#8220;{}&#8220;][et_pb_row _builder_version=&#8220;4.16&#8243; _module_preset=&#8220;default&#8220; custom_margin=&#8220;||||false|false&#8220; custom_padding=&#8220;23px||1px|||&#8220; global_colors_info=&#8220;{}&#8220;][et_pb_column type=&#8220;4_4&#8243; _builder_version=&#8220;4.16&#8243; _module_preset=&#8220;default&#8220; global_colors_info=&#8220;{}&#8220;][et_pb_text _builder_version=&#8220;4.16&#8243; _module_preset=&#8220;default&#8220; header_2_font=&#8220;|800|||||||&#8220; custom_margin=&#8220;||-4px|||&#8220; global_colors_info=&#8220;{}&#8220;]<h2>SPORT QUANTUM PRODUKTE<\/h2>[\/et_pb_text][\/et_pb_column][\/et_pb_row][et_pb_row column_structure=&#8220;1_2,1_2&#8243; make_equal=&#8220;on&#8220; _builder_version=&#8220;4.16&#8243; _module_preset=&#8220;default&#8220; background_enable_color=&#8220;off&#8220; global_colors_info=&#8220;{}&#8220;][et_pb_column type=&#8220;1_2&#8243; _builder_version=&#8220;4.16&#8243; _module_preset=&#8220;default&#8220; background_color=&#8220;#f2f2f5&#8243; global_colors_info=&#8220;{}&#8220;][et_pb_blurb title=&#8220;SQ Air 10 Elektronische Zielscheibe&#8220; image=&#8220;https:\/\/sportquantum.com\/wp-content\/uploads\/cible-1-1.png&#8220; icon_placement=&#8220;left&#8220; image_icon_width=&#8220;106%&#8220; _builder_version=&#8220;4.19.2&#8243; _module_preset=&#8220;default&#8220; header_font=&#8220;|800|||||||&#8220; header_font_size=&#8220;24px&#8220; custom_padding=&#8220;26px|18px||18px|false|true&#8220; custom_css_blurb_image=&#8220;width: 30%&#8220; image_max_width=&#8220;106%&#8220; global_colors_info=&#8220;{}&#8220;]<p><strong>10-m Luftpistole und Luftgewehr<\/strong><\/p>\n<p><span><\/span>4.5mm Standard Diabolos<\/p>\n<p>Skalierbare Darstellung f\u00fcr 3-15 Meter Abstand<\/p>\n<p>Komplett mit Bedieneinheit<br \/>Drahtlose Verbindung<\/p>\n<p>Fertig zum Schie\u00dfen<\/p>[\/et_pb_blurb][et_pb_text _builder_version=&#8220;4.19.2&#8243; _module_preset=&#8220;default&#8220; text_font=&#8220;|||on|||||&#8220; link_font=&#8220;||||||||&#8220; link_text_color=&#8220;#505050&#8243; custom_padding=&#8220;0px||30px|40px|false|false&#8220; global_colors_info=&#8220;{}&#8220;]<p><a href=\"https:\/\/sportquantum.com\/de\/produits\/sq-air\/\">Siehe SQ Air 10 elektronische Zielscheibe<\/a><\/p>[\/et_pb_text][\/et_pb_column][et_pb_column type=&#8220;1_2&#8243; _builder_version=&#8220;4.16&#8243; _module_preset=&#8220;default&#8220; background_color=&#8220;#f2f2f5&#8243; global_colors_info=&#8220;{}&#8220;][et_pb_blurb title=&#8220;SQ Fire&#8220; image=&#8220;https:\/\/sportquantum.com\/wp-content\/uploads\/65-SPORQUANTUM-PRODUIT-scaled.jpg&#8220; icon_placement=&#8220;left&#8220; image_icon_width=&#8220;106%&#8220; _builder_version=&#8220;4.19.2&#8243; _module_preset=&#8220;default&#8220; header_font=&#8220;|800|||||||&#8220; header_font_size=&#8220;24px&#8220; custom_margin=&#8220;||3px|||&#8220; custom_padding=&#8220;26px|18px|40px|18px|false|true&#8220; custom_padding_tablet=&#8220;26px|18px|40px|18px|false|true&#8220; custom_padding_phone=&#8220;||0px||false|true&#8220; custom_padding_last_edited=&#8220;on|phone&#8220; custom_css_blurb_image=&#8220;width: 30%;||Margin-top:-3px !important;||&#8220; image_max_width=&#8220;106%&#8220; global_colors_info=&#8220;{}&#8220;]<p><strong>Zielscheibe f\u00fcr Pr\u00e4zisionsdisziplinen auf 25 und 50m<\/strong><\/p>\n<p>Gewehr oder Pistole<\/p>\n<p>Wettkampf<br \/>Training und<br \/>Schie\u00dfspiele<\/p>[\/et_pb_blurb][et_pb_text content_tablet=&#8220;&#8220; content_phone=&#8220;&#8220; content_last_edited=&#8220;on|phone&#8220; _builder_version=&#8220;4.19.2&#8243; _module_preset=&#8220;default&#8220; text_font=&#8220;|||on|||||&#8220; link_font=&#8220;||||||||&#8220; custom_padding=&#8220;0px||30px|40px|false|false&#8220; global_colors_info=&#8220;{}&#8220;]<p>&nbsp;<\/p>\n<p>\u00a0<a href=\"https:\/\/sportquantum.com\/de\/produits\/sq50\/\">Siehe SQ Fire 50<\/a><\/p>[\/et_pb_text][\/et_pb_column][\/et_pb_row][et_pb_row column_structure=&#8220;1_2,1_2&#8243; make_equal=&#8220;on&#8220; _builder_version=&#8220;4.16&#8243; _module_preset=&#8220;default&#8220; background_enable_color=&#8220;off&#8220; global_colors_info=&#8220;{}&#8220;][et_pb_column type=&#8220;1_2&#8243; _builder_version=&#8220;4.16&#8243; _module_preset=&#8220;default&#8220; background_color=&#8220;#f2f2f5&#8243; global_colors_info=&#8220;{}&#8220;][et_pb_blurb title=&#8220;SQ PanoramiQ&#8220; image=&#8220;https:\/\/sportquantum.com\/wp-content\/uploads\/12-SPORT-QUANTUM-PANORAMIQ-1-scaled.jpg&#8220; icon_placement=&#8220;left&#8220; image_icon_width=&#8220;80%&#8220; _builder_version=&#8220;4.19.2&#8243; _module_preset=&#8220;default&#8220; header_font=&#8220;|800|||||||&#8220; header_font_size=&#8220;24px&#8220; custom_margin=&#8220;||4px|||&#8220; custom_padding=&#8220;26px|18px|31px|18px|false|true&#8220; custom_css_blurb_image=&#8220;width: 30%&#8220; image_max_width=&#8220;80%&#8220; global_colors_info=&#8220;{}&#8220;]<p><strong>SQ PanoramiQ Ziel f\u00fcr Luftpistole<\/strong><\/p>\n<p>10 Meter.<\/p>\n<p>F\u00fcr Schnellfeuer-Disziplinen<\/p>\n<p>Echte 4.5 mm Diabolos auf einen LED-Bildschirm.<\/p>[\/et_pb_blurb][et_pb_text _builder_version=&#8220;4.19.2&#8243; _module_preset=&#8220;default&#8220; text_font=&#8220;|||on|||||&#8220; link_font=&#8220;||||||||&#8220; custom_padding=&#8220;0px||30px|40px|false|false&#8220; global_colors_info=&#8220;{}&#8220;]<p><a href=\"https:\/\/sportquantum.com\/de\/produits\/panoramiq\/\">Siehe PanoramiQ Ziel<\/a><\/p>[\/et_pb_text][\/et_pb_column][et_pb_column type=&#8220;1_2&#8243; _builder_version=&#8220;4.16&#8243; _module_preset=&#8220;default&#8220; background_color=&#8220;#f2f2f5&#8243; global_colors_info=&#8220;{}&#8220;][et_pb_blurb title=&#8220;SynQro&#8220; image=&#8220;https:\/\/sportquantum.com\/wp-content\/uploads\/SynQro-1.png&#8220; icon_placement=&#8220;left&#8220; image_icon_width=&#8220;80%&#8220; _builder_version=&#8220;4.19.2&#8243; _module_preset=&#8220;default&#8220; header_font=&#8220;|800|||||||&#8220; header_font_size=&#8220;24px&#8220; custom_margin=&#8220;||4px|||&#8220; custom_padding=&#8220;26px|18px|34px|18px|false|true&#8220; custom_padding_tablet=&#8220;26px|18px|34px|18px|false|true&#8220; custom_padding_phone=&#8220;||0px||false|true&#8220; custom_padding_last_edited=&#8220;on|phone&#8220; custom_css_blurb_image=&#8220;width: 30%&#8220; image_max_width=&#8220;80%&#8220; global_colors_info=&#8220;{}&#8220;]<p><strong>\u00dcberwachungssoftware.<\/strong><\/p>\n<p>F\u00fcr Training und Wettbewerb.<\/p>\n<p>Kontrolle von mehreren Zielen gleichzeitig.<\/p>\n<p>&nbsp;<\/p>[\/et_pb_blurb][et_pb_text _builder_version=&#8220;4.19.2&#8243; _module_preset=&#8220;default&#8220; text_font=&#8220;|||on|||||&#8220; link_font=&#8220;||||||||&#8220; custom_padding=&#8220;16px||30px|40px|false|false&#8220; global_colors_info=&#8220;{}&#8220;]<p><a href=\"https:\/\/sportquantum.com\/de\/produits\/synqro\/\">Siehe SynQro Software<\/a><\/p>[\/et_pb_text][\/et_pb_column][\/et_pb_row][\/et_pb_section]\n","protected":false},"excerpt":{"rendered":"<p>SPORT QUANTUM PRODUKTE10-m Luftpistole und Luftgewehr 4.5mm Standard Diabolos Skalierbare Darstellung f\u00fcr 3-15 Meter Abstand Komplett mit BedieneinheitDrahtlose Verbindung Fertig zum Schie\u00dfenSiehe SQ Air 10 elektronische ZielscheibeZielscheibe f\u00fcr Pr\u00e4zisionsdisziplinen auf 25 und 50m Gewehr oder Pistole WettkampfTraining undSchie\u00dfspiele&nbsp; \u00a0Siehe SQ Fire 50SQ PanoramiQ Ziel f\u00fcr Luftpistole 10 Meter. F\u00fcr Schnellfeuer-Disziplinen Echte 4.5 mm Diabolos auf [&hellip;]<\/p>\n","protected":false},"author":8,"featured_media":0,"parent":0,"menu_order":0,"comment_status":"closed","ping_status":"closed","template":"","meta":{"_et_pb_use_builder":"on","_et_pb_old_content":"","_et_gb_content_width":"","inline_featured_image":false,"footnotes":""},"class_list":["post-26714","page","type-page","status-publish","hentry"],"_links":{"self":[{"href":"https:\/\/sportquantum.com\/de\/wp-json\/wp\/v2\/pages\/26714","targetHints":{"allow":["GET"]}}],"collection":[{"href":"https:\/\/sportquantum.com\/de\/wp-json\/wp\/v2\/pages"}],"about":[{"href":"https:\/\/sportquantum.com\/de\/wp-json\/wp\/v2\/types\/page"}],"author":[{"embeddable":true,"href":"https:\/\/sportquantum.com\/de\/wp-json\/wp\/v2\/users\/8"}],"replies":[{"embeddable":true,"href":"https:\/\/sportquantum.com\/de\/wp-json\/wp\/v2\/comments?post=26714"}],"version-history":[{"count":6,"href":"https:\/\/sportquantum.com\/de\/wp-json\/wp\/v2\/pages\/26714\/revisions"}],"predecessor-version":[{"id":36605,"href":"https:\/\/sportquantum.com\/de\/wp-json\/wp\/v2\/pages\/26714\/revisions\/36605"}],"wp:attachment":[{"href":"https:\/\/sportquantum.com\/de\/wp-json\/wp\/v2\/media?parent=26714"}],"curies":[{"name":"wp","href":"https:\/\/api.w.org\/{rel}","templated":true}]}}