{"id":26734,"date":"2022-12-20T11:32:26","date_gmt":"2022-12-20T10:32:26","guid":{"rendered":"https:\/\/sportquantum.com\/produits\/synqro\/"},"modified":"2024-04-05T13:50:09","modified_gmt":"2024-04-05T12:50:09","slug":"synqro","status":"publish","type":"page","link":"https:\/\/sportquantum.com\/de\/produits\/synqro\/","title":{"rendered":"SynQro"},"content":{"rendered":"<p>[et_pb_section fb_built=&#8220;1&#8243; custom_padding_last_edited=&#8220;on|phone&#8220; _builder_version=&#8220;4.19.2&#8243; _module_preset=&#8220;default&#8220; use_background_color_gradient=&#8220;on&#8220; background_color_gradient_stops=&#8220;rgba(40,18,6,0.57) 38%|rgba(41,196,169,0.18) 99%&#8220; background_color_gradient_overlays_image=&#8220;on&#8220; background_image=&#8220;https:\/\/sportquantum.com\/wp-content\/uploads\/IMG_20220109_093134-scaled.jpeg&#8220; width=&#8220;100%&#8220; max_width=&#8220;100%&#8220; custom_margin=&#8220;||||false|true&#8220; custom_margin_tablet=&#8220;||||false|true&#8220; custom_margin_phone=&#8220;0px||0px||true|true&#8220; custom_margin_last_edited=&#8220;on|phone&#8220; custom_padding_tablet=&#8220;&#8220; custom_padding_phone=&#8220;0px||0px||true|false&#8220; global_colors_info=&#8220;{}&#8220;][et_pb_row custom_padding_last_edited=&#8220;on|tablet&#8220; _builder_version=&#8220;4.19.2&#8243; _module_preset=&#8220;default&#8220; custom_padding=&#8220;121px||121px||true|&#8220; custom_padding_tablet=&#8220;40px|0px|40px|0px|true|true&#8220; custom_padding_phone=&#8220;40px|0px|40px|0px|true|true&#8220; global_colors_info=&#8220;{}&#8220;][et_pb_column type=&#8220;4_4&#8243; _builder_version=&#8220;4.17.4&#8243; _module_preset=&#8220;default&#8220; global_colors_info=&#8220;{}&#8220;][et_pb_text _builder_version=&#8220;4.19.2&#8243; _module_preset=&#8220;default&#8220; text_font=&#8220;Raleway|700|||||||&#8220; header_font=&#8220;|800|||||||&#8220; header_text_align=&#8220;left&#8220; header_text_color=&#8220;#FFFFFF&#8220; header_font_size=&#8220;38px&#8220; header_line_height=&#8220;1.1em&#8220; header_2_font=&#8220;|300|||||||&#8220; header_2_text_align=&#8220;left&#8220; header_2_text_color=&#8220;#FFFFFF&#8220; header_2_font_size=&#8220;19px&#8220; header_2_line_height=&#8220;1.4em&#8220; text_orientation=&#8220;center&#8220; width=&#8220;100%&#8220; max_width=&#8220;100%&#8220; custom_margin_tablet=&#8220;|0px||0px|false|true&#8220; custom_margin_phone=&#8220;|0px||0px|false|true&#8220; custom_margin_last_edited=&#8220;on|tablet&#8220; custom_padding=&#8220;31px|326px|6px|0px|false|false&#8220; custom_padding_tablet=&#8220;0px|0px|45px|0px|false|true&#8220; custom_padding_phone=&#8220;0px|0px|0px|0px|true|true&#8220; custom_padding_last_edited=&#8220;on|phone&#8220; header_font_size_tablet=&#8220;38px&#8220; header_font_size_phone=&#8220;28px&#8220; header_font_size_last_edited=&#8220;on|phone&#8220; header_2_font_tablet=&#8220;|300|||||||&#8220; header_2_font_phone=&#8220;|600|||||||&#8220; header_2_font_last_edited=&#8220;on|phone&#8220; header_2_font_size_tablet=&#8220;19px&#8220; header_2_font_size_phone=&#8220;15px&#8220; header_2_font_size_last_edited=&#8220;on|phone&#8220; custom_css_main_element=&#8220;font-family: &#8218;Raleway&#8216;;||line-height: 38px;||text-align: center;||letter-spacing: 0.08em;||color: #FFFFFF;&#8220; global_colors_info=&#8220;{}&#8220;]<\/p>\n<h1>SynQro \u2013 Die Leitstandsoftware<\/h1>\n<h2>F\u00fcr Training und Wettkampf<\/h2>\n<p>[\/et_pb_text][\/et_pb_column][\/et_pb_row][\/et_pb_section][et_pb_section fb_built=&#8220;1&#8243; custom_padding_last_edited=&#8220;on|phone&#8220; module_id=&#8220;decouvrir&#8220; module_class=&#8220;decouvrir&#8220; _builder_version=&#8220;4.19.2&#8243; _module_preset=&#8220;default&#8220; custom_padding=&#8220;0px||0px||true|false&#8220; custom_padding_tablet=&#8220;0px||0px||true|false&#8220; custom_padding_phone=&#8220;0px|0px|0px|0px|true|true&#8220; global_colors_info=&#8220;{}&#8220;][et_pb_row _builder_version=&#8220;4.19.2&#8243; _module_preset=&#8220;default&#8220; width_tablet=&#8220;&#8220; width_phone=&#8220;95%&#8220; width_last_edited=&#8220;on|phone&#8220; custom_padding=&#8220;60px|0px|60px|0px|false|true&#8220; global_colors_info=&#8220;{}&#8220;][et_pb_column type=&#8220;4_4&#8243; _builder_version=&#8220;4.19.2&#8243; _module_preset=&#8220;default&#8220; global_colors_info=&#8220;{}&#8220;][et_pb_text _builder_version=&#8220;4.19.2&#8243; _module_preset=&#8220;default&#8220; text_font=&#8220;|300|||||||&#8220; text_font_size=&#8220;15px&#8220; header_2_font=&#8220;|800|||||||&#8220; header_2_text_align=&#8220;center&#8220; header_2_text_color=&#8220;#747272&#8243; header_2_font_size=&#8220;30px&#8220; header_2_line_height=&#8220;1.2em&#8220; custom_padding=&#8220;|100px||100px|false|true&#8220; custom_padding_tablet=&#8220;|20px||20px|false|true&#8220; custom_padding_phone=&#8220;|0px||0px|false|true&#8220; custom_padding_last_edited=&#8220;on|phone&#8220; header_2_font_size_tablet=&#8220;27px&#8220; header_2_font_size_phone=&#8220;26px&#8220; header_2_font_size_last_edited=&#8220;on|phone&#8220; custom_css_main_element=&#8220;||&#8220; global_colors_info=&#8220;{}&#8220;]<\/p>\n<h2>\u00dcbernehmen Sie die <span style=\"color: #65f3c7\">Kontrolle \u00fcber mehrere Ziele gleichzeitig<\/span> f\u00fcr die Organisation von Training oder Wettkampf<\/h2>\n<p>[\/et_pb_text][et_pb_text _builder_version=&#8220;4.19.2&#8243; _module_preset=&#8220;default&#8220; text_font=&#8220;|300|||||||&#8220; text_font_size=&#8220;15px&#8220; header_2_font=&#8220;|800|||||||&#8220; header_2_text_color=&#8220;#747272&#8243; header_2_font_size=&#8220;40px&#8220; width=&#8220;80%&#8220; module_alignment=&#8220;center&#8220; custom_margin=&#8220;-24px|||||&#8220; custom_padding_tablet=&#8220;|20px||20px|false|true&#8220; custom_padding_phone=&#8220;|0px||0px|false|true&#8220; custom_padding_last_edited=&#8220;on|phone&#8220; custom_css_main_element=&#8220;||&#8220; global_colors_info=&#8220;{}&#8220;]<\/p>\n<p style=\"text-align: center\">Mit der Software SynQro ist es kein Problem mehr, gleichzeitig mehrere Zielscheiben zu verwalten. So wird es f\u00fcr einen Trainer, einen Schiedsrichter oder einen Vereinsmanager einfach, die Kontrolle \u00fcber mehrere Ziele zu \u00fcbernehmen, um eine Trainingseinheit oder einen Wettkampf zu organisieren.<\/p>\n<p>[\/et_pb_text][\/et_pb_column][\/et_pb_row][\/et_pb_section][et_pb_section fb_built=&#8220;1&#8243; custom_padding_last_edited=&#8220;on|phone&#8220; _builder_version=&#8220;4.19.2&#8243; _module_preset=&#8220;default&#8220; background_color=&#8220;#f2f2f5&#8243; custom_margin_tablet=&#8220;&#8220; custom_margin_phone=&#8220;||0px||false|false&#8220; custom_margin_last_edited=&#8220;on|phone&#8220; custom_padding=&#8220;0px||0px||true|false&#8220; custom_padding_tablet=&#8220;30px|30px|30px|30px|true|true&#8220; custom_padding_phone=&#8220;0px|10px|0px|10px|false|true&#8220; global_colors_info=&#8220;{}&#8220;][et_pb_row custom_padding_last_edited=&#8220;on|tablet&#8220; _builder_version=&#8220;4.19.2&#8243; _module_preset=&#8220;default&#8220; width_tablet=&#8220;100%&#8220; width_phone=&#8220;80%&#8220; width_last_edited=&#8220;on|tablet&#8220; custom_padding=&#8220;60px||30px||false|false&#8220; custom_padding_tablet=&#8220;|0px||0px|false|true&#8220; custom_padding_phone=&#8220;|0px||0px|false|true&#8220; global_colors_info=&#8220;{}&#8220;][et_pb_column type=&#8220;4_4&#8243; _builder_version=&#8220;4.17.4&#8243; _module_preset=&#8220;default&#8220; global_colors_info=&#8220;{}&#8220;][et_pb_text _builder_version=&#8220;4.19.2&#8243; _module_preset=&#8220;default&#8220; header_2_font=&#8220;|800|||||||&#8220; header_2_text_align=&#8220;center&#8220; header_2_font_size=&#8220;28px&#8220; custom_margin=&#8220;||3px|||&#8220; custom_margin_tablet=&#8220;||3px|||&#8220; custom_margin_phone=&#8220;|-7px|3px|-7px|false|true&#8220; custom_margin_last_edited=&#8220;on|phone&#8220; custom_padding=&#8220;0px||0px||false|false&#8220; header_2_font_size_tablet=&#8220;27px&#8220; header_2_font_size_phone=&#8220;28px&#8220; header_2_font_size_last_edited=&#8220;on|phone&#8220; global_colors_info=&#8220;{}&#8220;]<\/p>\n<h2>SynQro <span style=\"color: #69e2be\">Funktionalit\u00e4ten<\/span><\/h2>\n<p>[\/et_pb_text][et_pb_text _builder_version=&#8220;4.19.2&#8243; _module_preset=&#8220;default&#8220; header_2_text_align=&#8220;center&#8220; header_2_text_color=&#8220;#5c5c5c&#8220; header_2_font_size=&#8220;18px&#8220; header_2_line_height=&#8220;1.2em&#8220; custom_margin=&#8220;0px||0px||true|false&#8220; custom_padding=&#8220;0px|100px|0px|100px|true|true&#8220; custom_padding_tablet=&#8220;0px|50px|0px|50px|true|true&#8220; custom_padding_phone=&#8220;0px|0px|0px|0px|true|true&#8220; custom_padding_last_edited=&#8220;on|phone&#8220; header_2_font_size_tablet=&#8220;18px&#8220; header_2_font_size_phone=&#8220;16px&#8220; header_2_font_size_last_edited=&#8220;on|phone&#8220; global_colors_info=&#8220;{}&#8220;]<\/p>\n<h2>Schie\u00dfstandbetreuung und offizielle Wettk\u00e4mpfe<\/h2>\n<p>[\/et_pb_text][\/et_pb_column][\/et_pb_row][et_pb_row column_structure=&#8220;1_2,1_2&#8243; _builder_version=&#8220;4.19.2&#8243; _module_preset=&#8220;default&#8220; custom_padding=&#8220;||60px||false|false&#8220; global_colors_info=&#8220;{}&#8220;][et_pb_column type=&#8220;1_2&#8243; _builder_version=&#8220;4.19.2&#8243; _module_preset=&#8220;default&#8220; global_colors_info=&#8220;{}&#8220;][et_pb_text _builder_version=&#8220;4.19.2&#8243; _module_preset=&#8220;default&#8220; header_3_font=&#8220;|700|||||||&#8220; header_3_font_size=&#8220;20px&#8220; header_3_line_height=&#8220;23px&#8220; custom_margin=&#8220;||0px|||&#8220; global_colors_info=&#8220;{}&#8220;]<\/p>\n<h3><span><span style=\"color: #000000\">Funktionalit\u00e4ten <\/span><\/span><\/h3>\n<p>[\/et_pb_text][et_pb_text _builder_version=&#8220;4.19.2&#8243; _module_preset=&#8220;default&#8220; text_font=&#8220;|300|||||||&#8220; custom_margin=&#8220;||0px|||&#8220; global_colors_info=&#8220;{}&#8220;]<\/p>\n<ul>\n<li>Autonome Organisation offizieller Wettbewerbe dank einer einfachen und intuitiven Software<\/li>\n<li>Echtzeit-Management der Schie\u00dfaktivit\u00e4ten auf dem Stand. Live-Projektion von Sch\u00fcssen und Spielen auf dem Bildschirm Dynamisches, attraktives und interaktives Training<\/li>\n<ul><\/ul>\n<p><span style=\"color: #000000;font-weight: 800\">Training<\/span><\/p>\n<ul>\n<li>\u00dcberwachung des Schie\u00dfstandes von einem zentralen Computer aus<\/li>\n<li>Parallele Zuordnung von Aktivit\u00e4ten f\u00fcr: ein Ziel, eine Zielgruppe, mehrere Gruppen von Ziele<\/li>\n<li>Export der Ergebnisse f\u00fcr alle Aktivit\u00e4ten, PDF- und\/oder CSV-Format<\/li>\n<\/ul>\n<p><span style=\"color: #000000;font-weight: 800\">Offizielle Wettbewerbe<\/span><\/p>\n<ul>\n<li>Import der Teilnehmerliste<\/li>\n<li>\u00dcbernehmen Sie die Kontrolle \u00fcber alle Ziele von einem Computer aus<\/li>\n<li>zentralisierte Steuerung aller Parameter gem\u00e4\u00df ISSF-Standards oder personalisierte Auswahlm\u00f6glichkeiten (Anzahl der S\u00e4tze, Anzahl der Sch\u00fcsse, Probezeit, Durchgangsdauer, Zieleinstellungen usw.)<\/li>\n<li>Management des Wettbewerbs in allen Phasen<\/li>\n<li>Management von Ausnahmen und Eventualit\u00e4ten (Ziel\u00e4nderung, Strafen, Entscheidungen Schiedsrichter usw.)<\/li>\n<li>Teilen der Ergebnisse auf einem gro\u00dfen Bildschirm (TV-Bildschirm und\/oder Projektor)<br \/>\nExport von Wettbewerbsergebnissen: Ergebnisbl\u00e4tter, Ergebnisse im CSV-Format f\u00fcr Integration in Datenbanken<\/li>\n<\/ul>\n<\/li>\n<\/ul>\n<p>[\/et_pb_text][et_pb_text _builder_version=&#8220;4.19.2&#8243; _module_preset=&#8220;default&#8220; header_3_font=&#8220;|700|||||||&#8220; header_3_font_size=&#8220;20px&#8220; header_3_line_height=&#8220;23px&#8220; custom_margin=&#8220;||0px|||&#8220; global_colors_info=&#8220;{}&#8220;]<\/p>\n<h3><span><span style=\"color: #000000\">SynQro-\u00dcberwachungskonfiguration:<\/span><\/span><\/h3>\n<p>[\/et_pb_text][et_pb_text _builder_version=&#8220;4.19.2&#8243; _module_preset=&#8220;default&#8220; text_font=&#8220;|300|||||||&#8220; global_colors_info=&#8220;{}&#8220;]<\/p>\n<ul>\n<li>WiFi-Netzwerk mit Router<br \/>Optionale Ethernet-Verkabelung (Sternnetzwerk)<\/li>\n<\/ul>\n<p>[\/et_pb_text][\/et_pb_column][et_pb_column type=&#8220;1_2&#8243; _builder_version=&#8220;4.19.2&#8243; _module_preset=&#8220;default&#8220; global_colors_info=&#8220;{}&#8220;][et_pb_image src=&#8220;https:\/\/sportquantum.com\/wp-content\/uploads\/synQro.png&#8220; title_text=&#8220;SynQro&#8220; align=&#8220;center&#8220; _builder_version=&#8220;4.23&#8243; _module_preset=&#8220;default&#8220; width=&#8220;72%&#8220; custom_margin=&#8220;1px||103px||false|false&#8220; custom_margin_tablet=&#8220;90px||||false|false&#8220; custom_margin_phone=&#8220;0px||40px||false|false&#8220; custom_margin_last_edited=&#8220;on|phone&#8220; custom_padding=&#8220;62px|||||&#8220; custom_padding_tablet=&#8220;62px|||||&#8220; custom_padding_phone=&#8220;0px||0px||false|false&#8220; custom_padding_last_edited=&#8220;on|phone&#8220; hover_enabled=&#8220;0&#8243; global_colors_info=&#8220;{}&#8220; sticky_enabled=&#8220;0&#8243;][\/et_pb_image][et_pb_image src=&#8220;https:\/\/sportquantum.com\/wp-content\/uploads\/46-sport-quantum-eaubonne-scaled.jpg&#8220; title_text=&#8220;SynQro&#8220; align=&#8220;center&#8220; _builder_version=&#8220;4.23&#8243; _module_preset=&#8220;default&#8220; width=&#8220;72%&#8220; custom_padding_tablet=&#8220;&#8220; custom_padding_phone=&#8220;&#8220; custom_padding_last_edited=&#8220;on|phone&#8220; hover_enabled=&#8220;0&#8243; global_colors_info=&#8220;{}&#8220; sticky_enabled=&#8220;0&#8243; module_alignment=&#8220;center&#8220;][\/et_pb_image][\/et_pb_column][\/et_pb_row][\/et_pb_section][et_pb_section fb_built=&#8220;1&#8243; _builder_version=&#8220;4.19.2&#8243; _module_preset=&#8220;default&#8220; background_image=&#8220;https:\/\/sportquantum.com\/wp-content\/uploads\/tab-welcome.png&#8220; custom_padding=&#8220;42px||29px|||&#8220; global_colors_info=&#8220;{}&#8220;][et_pb_row _builder_version=&#8220;4.19.2&#8243; _module_preset=&#8220;default&#8220; max_width_tablet=&#8220;516px&#8220; max_width_phone=&#8220;&#8220; max_width_last_edited=&#8220;on|tablet&#8220; custom_padding=&#8220;||6px|||&#8220; global_colors_info=&#8220;{}&#8220;][et_pb_column type=&#8220;4_4&#8243; _builder_version=&#8220;4.19.2&#8243; _module_preset=&#8220;default&#8220; global_colors_info=&#8220;{}&#8220;][et_pb_text _builder_version=&#8220;4.19.2&#8243; _module_preset=&#8220;default&#8220; text_font=&#8220;|300|||||||&#8220; header_2_font=&#8220;|800|||||||&#8220; header_2_text_align=&#8220;left&#8220; header_2_font_size=&#8220;28px&#8220; custom_margin=&#8220;||||false|false&#8220; custom_padding=&#8220;0px||30px||false|false&#8220; global_colors_info=&#8220;{}&#8220;]<\/p>\n<h2><span style=\"color: #ffffff\">Die<\/span> <span style=\"color: #69e2be\">Ziele<\/span><\/h2>\n<p>[\/et_pb_text][\/et_pb_column][\/et_pb_row][et_pb_row column_structure=&#8220;1_3,1_3,1_3&#8243; use_custom_gutter=&#8220;on&#8220; gutter_width=&#8220;2&#8243; custom_padding_last_edited=&#8220;on|phone&#8220; _builder_version=&#8220;4.19.2&#8243; _module_preset=&#8220;default&#8220; custom_margin=&#8220;0px||0px||true|false&#8220; custom_padding=&#8220;0px||44px||false|false&#8220; custom_padding_tablet=&#8220;&#8220; custom_padding_phone=&#8220;0px||0px||false|false&#8220; global_colors_info=&#8220;{}&#8220;][et_pb_column type=&#8220;1_3&#8243; _builder_version=&#8220;4.19.2&#8243; _module_preset=&#8220;default&#8220; global_colors_info=&#8220;{}&#8220;][et_pb_blurb title=&#8220;SQ Air&#8220; _builder_version=&#8220;4.19.2&#8243; _dynamic_attributes=&#8220;link_option_url&#8220; _module_preset=&#8220;default&#8220; header_font=&#8220;|800|||||||&#8220; header_text_align=&#8220;center&#8220; header_font_size=&#8220;14px&#8220; background_color=&#8220;#dbf7f0&#8243; custom_padding=&#8220;99px||99px||true|false&#8220; link_option_url=&#8220;@ET-DC@eyJkeW5hbWljIjp0cnVlLCJjb250ZW50IjoicG9zdF9saW5rX3VybF9wYWdlIiwic2V0dGluZ3MiOnsicG9zdF9pZCI6IjI1NzExIn19@&#8220; border_radii=&#8220;off|||60px|&#8220; global_colors_info=&#8220;{}&#8220; background__hover_enabled=&#8220;on|hover&#8220; background_image__hover=&#8220;https:\/\/sportquantum.com\/wp-content\/uploads\/SQ10-1-scaled.jpg&#8220; background_enable_image__hover=&#8220;on&#8220; content__hover_enabled=&#8220;on|hover&#8220; header_text_color__hover_enabled=&#8220;on|hover&#8220; header_text_color__hover=&#8220;#FFFFFF&#8220; body_link_text_color__hover_enabled=&#8220;on|hover&#8220; body_link_text_color__hover=&#8220;#FFFFFF&#8220; body_text_color__hover_enabled=&#8220;on|hover&#8220; body_text_color__hover=&#8220;#FFFFFF&#8220; content__hover=&#8220;<\/p>\n<p style=%22text-align: center;%22>Ziel ansehen<\/p>\n<p>&#8222;]<\/p>\n<p style=\"text-align: center;\">Ziel ansehen<\/p>\n<p>[\/et_pb_blurb][\/et_pb_column][et_pb_column type=&#8220;1_3&#8243; _builder_version=&#8220;4.19.2&#8243; _module_preset=&#8220;default&#8220; global_colors_info=&#8220;{}&#8220;][et_pb_blurb title=&#8220;SQ Fire&#8220; _builder_version=&#8220;4.19.2&#8243; _dynamic_attributes=&#8220;link_option_url&#8220; _module_preset=&#8220;default&#8220; header_font=&#8220;|800|||||||&#8220; header_text_align=&#8220;center&#8220; header_font_size=&#8220;14px&#8220; background_color=&#8220;#dbf7f0&#8243; custom_padding=&#8220;99px||99px||true|false&#8220; link_option_url=&#8220;@ET-DC@eyJkeW5hbWljIjp0cnVlLCJjb250ZW50IjoicG9zdF9saW5rX3VybF9wYWdlIiwic2V0dGluZ3MiOnsicG9zdF9pZCI6IjI2Mzc0In19@&#8220; border_radii=&#8220;off|||60px|&#8220; global_colors_info=&#8220;{}&#8220; background__hover_enabled=&#8220;on|hover&#8220; background_image__hover=&#8220;https:\/\/sportquantum.com\/wp-content\/uploads\/67-SPORQUANTUM-PRODUIT-scaled.jpg&#8220; background_enable_image__hover=&#8220;on&#8220; content__hover_enabled=&#8220;on|hover&#8220; header_text_color__hover_enabled=&#8220;on|hover&#8220; header_text_color__hover=&#8220;#FFFFFF&#8220; body_link_text_color__hover_enabled=&#8220;on|hover&#8220; body_link_text_color__hover=&#8220;#FFFFFF&#8220; body_text_color__hover_enabled=&#8220;on|hover&#8220; body_text_color__hover=&#8220;#FFFFFF&#8220; content__hover=&#8220;<\/p>\n<p style=%22text-align: center;%22><span style=%22color: #333333;%22>Ziel ansehen<\/span><\/p>\n<p>&#8222;]<\/p>\n<p style=\"text-align: center;\">Ziel ansehen<\/p>\n<p>[\/et_pb_blurb][\/et_pb_column][et_pb_column type=&#8220;1_3&#8243; _builder_version=&#8220;4.19.2&#8243; _module_preset=&#8220;default&#8220; global_colors_info=&#8220;{}&#8220;][et_pb_blurb title=&#8220;SQ PanoramiQ&#8220; _builder_version=&#8220;4.19.2&#8243; _dynamic_attributes=&#8220;link_option_url&#8220; _module_preset=&#8220;default&#8220; header_font=&#8220;|800|||||||&#8220; header_text_align=&#8220;center&#8220; header_font_size=&#8220;14px&#8220; background_color=&#8220;#dbf7f0&#8243; custom_padding=&#8220;99px||99px||true|false&#8220; link_option_url=&#8220;@ET-DC@eyJkeW5hbWljIjp0cnVlLCJjb250ZW50IjoicG9zdF9saW5rX3VybF9wYWdlIiwic2V0dGluZ3MiOnsicG9zdF9pZCI6IjI1NzgxIn19@&#8220; border_radii=&#8220;off|||60px|&#8220; global_colors_info=&#8220;{}&#8220; background__hover_enabled=&#8220;on|hover&#8220; background_image__hover=&#8220;https:\/\/sportquantum.com\/wp-content\/uploads\/10-SPORT-QUANTUM-PANORAMIQ-_1_-scaled.jpg&#8220; background_enable_image__hover=&#8220;on&#8220; content__hover_enabled=&#8220;on|hover&#8220; header_text_color__hover_enabled=&#8220;on|hover&#8220; header_text_color__hover=&#8220;#FFFFFF&#8220; body_link_text_color__hover_enabled=&#8220;on|hover&#8220; body_link_text_color__hover=&#8220;#FFFFFF&#8220; body_text_color__hover_enabled=&#8220;on|hover&#8220; body_text_color__hover=&#8220;#FFFFFF&#8220; background_size__hover=&#8220;contain&#8220; content__hover=&#8220;<\/p>\n<p style=%22text-align: center;%22><span style=%22color: #000000;%22>Ziel ansehen<\/span><\/p>\n<p>&#8222;]<\/p>\n<p style=\"text-align: center;\">Ziel ansehen<\/p>\n<p>[\/et_pb_blurb][\/et_pb_column][\/et_pb_row][et_pb_row _builder_version=&#8220;4.23&#8243; _module_preset=&#8220;default&#8220; custom_padding=&#8220;11px|||||&#8220; custom_margin=&#8220;|auto|-25px|auto||&#8220;][et_pb_column _builder_version=&#8220;4.23&#8243; _module_preset=&#8220;default&#8220; type=&#8220;4_4&#8243;][et_pb_text _builder_version=&#8220;4.23&#8243; _module_preset=&#8220;default&#8220; text_font_size=&#8220;12px&#8220; hover_enabled=&#8220;0&#8243; sticky_enabled=&#8220;0&#8243; custom_padding=&#8220;||0px|||&#8220;]<\/p>\n<p style=\"text-align: center;\"><strong><span style=\"color: #ffffff;\">Da jede Installation einzigartig ist, sollten die Dokumente und Darstellungen auf dieser Website als informativ und nicht vertraglich bindend betrachtet werden. <\/span><\/strong><\/p>\n<p>[\/et_pb_text][\/et_pb_column][\/et_pb_row][\/et_pb_section]<\/p>\n","protected":false},"excerpt":{"rendered":"<p>SynQro \u2013 Die Leitstandsoftware F\u00fcr Training und Wettkampf\u00dcbernehmen Sie die Kontrolle \u00fcber mehrere Ziele gleichzeitig f\u00fcr die Organisation von Training oder WettkampfMit der Software SynQro ist es kein Problem mehr, gleichzeitig mehrere Zielscheiben zu verwalten. So wird es f\u00fcr einen Trainer, einen Schiedsrichter oder einen Vereinsmanager einfach, die Kontrolle \u00fcber mehrere Ziele zu \u00fcbernehmen, um [&hellip;]<\/p>\n","protected":false},"author":8,"featured_media":0,"parent":26714,"menu_order":0,"comment_status":"closed","ping_status":"closed","template":"","meta":{"_et_pb_use_builder":"on","_et_pb_old_content":"","_et_gb_content_width":"","inline_featured_image":false,"footnotes":""},"class_list":["post-26734","page","type-page","status-publish","hentry"],"_links":{"self":[{"href":"https:\/\/sportquantum.com\/de\/wp-json\/wp\/v2\/pages\/26734","targetHints":{"allow":["GET"]}}],"collection":[{"href":"https:\/\/sportquantum.com\/de\/wp-json\/wp\/v2\/pages"}],"about":[{"href":"https:\/\/sportquantum.com\/de\/wp-json\/wp\/v2\/types\/page"}],"author":[{"embeddable":true,"href":"https:\/\/sportquantum.com\/de\/wp-json\/wp\/v2\/users\/8"}],"replies":[{"embeddable":true,"href":"https:\/\/sportquantum.com\/de\/wp-json\/wp\/v2\/comments?post=26734"}],"version-history":[{"count":5,"href":"https:\/\/sportquantum.com\/de\/wp-json\/wp\/v2\/pages\/26734\/revisions"}],"predecessor-version":[{"id":30393,"href":"https:\/\/sportquantum.com\/de\/wp-json\/wp\/v2\/pages\/26734\/revisions\/30393"}],"up":[{"embeddable":true,"href":"https:\/\/sportquantum.com\/de\/wp-json\/wp\/v2\/pages\/26714"}],"wp:attachment":[{"href":"https:\/\/sportquantum.com\/de\/wp-json\/wp\/v2\/media?parent=26734"}],"curies":[{"name":"wp","href":"https:\/\/api.w.org\/{rel}","templated":true}]}}