{"id":36571,"date":"2026-02-13T13:06:55","date_gmt":"2026-02-13T12:06:55","guid":{"rendered":"https:\/\/sportquantum.com\/?page_id=36571"},"modified":"2026-02-13T13:27:03","modified_gmt":"2026-02-13T12:27:03","slug":"technologie","status":"publish","type":"page","link":"https:\/\/sportquantum.com\/de\/technologie\/","title":{"rendered":"Technologie"},"content":{"rendered":"\n[et_pb_section fb_built=&#8220;1&#8243; theme_builder_area=&#8220;post_content&#8220; _builder_version=&#8220;4.27.5&#8243; _module_preset=&#8220;default&#8220;][et_pb_row _builder_version=&#8220;4.27.5&#8243; _module_preset=&#8220;default&#8220; theme_builder_area=&#8220;post_content&#8220;][et_pb_column _builder_version=&#8220;4.27.5&#8243; _module_preset=&#8220;default&#8220; type=&#8220;4_4&#8243; theme_builder_area=&#8220;post_content&#8220;][et_pb_text _builder_version=&#8220;4.27.5&#8243; _module_preset=&#8220;default&#8220; theme_builder_area=&#8220;post_content&#8220; hover_enabled=&#8220;0&#8243; sticky_enabled=&#8220;0&#8243;]<h1 class=\"entry-title main_title\">Technologie<\/h1>\n<p>&nbsp;<\/p>\n<div class=\"entry-content\">\n<p>Die interaktiven elektronischen Zielscheiben von sport<strong>quantum<\/strong><span>\u00a0<\/span>basieren auf der Messung der tats\u00e4chlichen<span>\u00a0<\/span><strong>Aufprallposition<\/strong><span>\u00a0<\/span>eines Projektils auf einer mit<span>\u00a0<\/span><em>piezoelektrischen Sensoren<\/em><span>\u00a0<\/span>ausgestatteten Platte. Der Treffer wird auf dieser Platte, die in einen<span>\u00a0<\/span><strong>interaktiven Bildschirm<\/strong><span>\u00a0<\/span>verwandelt wurde, angezeigt.<\/p>\n<p>Piezoelektrische Sensoren sind gepolte Keramiken (eine Seite +, eine Seite -), die unter dem Einfluss einer mechanischen Verformung in der Lage sind, eine messbare elektrische Spannung zu erzeugen. Piezoelektrische Sensoren sind sehr zuverl\u00e4ssig, hochempfindlich und sehr schnell.<\/p>\n<p>&nbsp;<\/p>\n<h2>Messung des realen aufpralls<\/h2>\n<p>Das Projektil (rund oder spitz) generiert beim Aufprall auf die Platte eine Sto\u00dfwelle, die sich wie bei einem ins Wasser geworfenen Stein in alle Richtungen ausbreitet. Die Welle wird von 4 Sensoren gemessen, die die mechanische Verformung in ein elektrisches Signal verwandeln. Die Messung der eigentlichen<span>\u00a0<\/span><strong>Position<\/strong><span>\u00a0<\/span>wird mithilfe des Triangulationsprinzips abgeleitet.<\/p>\n<p>Je nach der Geschossenergie k\u00f6nnen verschiedene<span>\u00a0<\/span><em>sto\u00dffeste<\/em><span>\u00a0<\/span>Aufprallplatten angeboten werden.<\/p>\n<p>Die interaktive elektronische Zielscheibe besteht aus einer mit Sensoren ausgestatteten Messplatte und einer Schutzplatte. Diese Schutzplatte sch\u00fctzt die Messplatte und garantiert eine deutlich vereinfachte und wirtschaftliche Wartung, da sie nur von Zeit zu Zeit ausgetauscht werden muss.<\/p>\n<p><em>Das Zulassungsverfahren f\u00fcr diese absolut neuartige Technologie durch den Internationalen Sportsch\u00fctzenverband (ISSF) wurde eingeleitet.<\/em><\/p>\n<p><em><\/em><\/p>\n<h3>Luftpistole<\/h3>\n<p>Sie schie\u00dfen mit einer Luftpistole oder einem Luftgewehr (Bleiprojektile auf 10 m)? Sport<strong>quantum<\/strong><span>\u00a0<\/span>empfiehlt die interaktive elektronische Zielscheibe SQ10 mit einer<span>\u00a0<\/span><strong>transparenten Polycarbonatfl\u00e4che<\/strong><span>\u00a0<\/span>und einem Bildschirm mit hoher Beleuchtungsst\u00e4rke.<\/p>\n<p>&nbsp;<\/p>\n<h3>Feuerwaffe<\/h3>\n<p>Sie schie\u00dfen mit einer Feuerwaffe (Munition 22LR, 9 mm, .308 usw.)? Sport<strong>quantum<\/strong><span>\u00a0<\/span>empfiehlt die interaktive elektronische Zielscheibe SQ50 mit einer gepanzerten und sehr<span>\u00a0<\/span><strong>sto\u00dffesten Stahlplatte<\/strong><span>\u00a0<\/span>mit Hintergrundbeleuchtung durch einen starken Videoprojektor.<\/p>\n<p>&nbsp;<\/p>\n<h2>Interaktive Zielscheiben<\/h2>\n<p class=\"p1\"><span class=\"s1\">In einem auf der Aufprallplatte angezeigtem Video pr\u00e4sentiert sport<b>quantum<\/b><span>\u00a0<\/span>alle erh\u00e4ltlichen Zielscheiben f\u00fcr Pistolen- und Gewehrsch\u00fctzen:<\/span><\/p>\n<ul class=\"ul1\">\n<li class=\"li3\"><span class=\"s3\">F\u00fcr Schie\u00dfschulen<\/span><\/li>\n<li class=\"li3\"><span class=\"s3\">F\u00fcr Freizeitsportsch\u00fctzen<\/span><\/li>\n<li class=\"li3\"><span class=\"s3\">F\u00fcr das Training<\/span><\/li>\n<li class=\"li3\"><span class=\"s3\">F\u00fcr den Wettkampf<\/span><\/li>\n<\/ul>\n<p class=\"p4\"><span class=\"s1\">Die Technologie von sport<b>quantum<\/b><span>\u00a0<\/span>hat den Vorteil, dass sie Sportsch\u00fctzen und Trainern unz\u00e4hlige grafische Gestaltungsm\u00f6glichkeiten f\u00fcr Zielscheiben bietet, die weit \u00fcber die der standardisierten Zielscheiben hinausgehen. Sport<b>quantum<\/b><span>\u00a0<\/span>liefert grunds\u00e4tzlich verschiedene Typen von Trainingszielscheiben zur Leistungssteigerung der Sportsch\u00fctzen sowie interaktive Spiele, die dem Schie\u00dfsport eine spielerische Komponente hinzuf\u00fcgen.<\/span><\/p>\n<p>&nbsp;<\/p>\n<p class=\"p1\"><span class=\"s1\">Die Zielscheiben von sport<b>quantum<\/b><span>\u00a0<\/span>sind per WLAN mit einem Tablet verbunden, das in unmittelbarer N\u00e4he des Sportsch\u00fctzen aufgestellt ist. Das Tablet erlaubt:<\/span><\/p>\n<ul class=\"ul1\">\n<li class=\"li2\"><span class=\"s1\">die interaktive elektronische Zielscheibe aus der Ferne zu steuern,<\/span><\/li>\n<li class=\"li2\"><span class=\"s1\">s\u00e4mtliche Informationen im Zusammenhang mit den Sch\u00fcssen in Echtzeit anzuzeigen: Punktzahl, Wert der Gruppierung und ihres Schwerpunkts, Zeit zwischen den Sch\u00fcssen usw.<\/span><\/li>\n<\/ul>\n<p class=\"p3\"><span class=\"s3\">Alle auf dem Tablet verf\u00fcgbaren Informationen k\u00f6nnen auch von einem Betreuer f\u00fcr die Organisation des Trainings oder f\u00fcr Entscheidungen bei Wettk\u00e4mpfen verwendet werden.<\/span><\/p>\n<p>\u00a0Die Technologie von sport<strong>quantum<\/strong><span>\u00a0<\/span>wird durch 4 internationale Patente gesch\u00fctzt.<\/p>\n<p>&nbsp;<\/p>\n<\/div>[\/et_pb_text][\/et_pb_column][\/et_pb_row][\/et_pb_section]\n","protected":false},"excerpt":{"rendered":"<p>Technologie &nbsp; Die interaktiven elektronischen Zielscheiben von sportquantum\u00a0basieren auf der Messung der tats\u00e4chlichen\u00a0Aufprallposition\u00a0eines Projektils auf einer mit\u00a0piezoelektrischen Sensoren\u00a0ausgestatteten Platte. Der Treffer wird auf dieser Platte, die in einen\u00a0interaktiven Bildschirm\u00a0verwandelt wurde, angezeigt. Piezoelektrische Sensoren sind gepolte Keramiken (eine Seite +, eine Seite -), die unter dem Einfluss einer mechanischen Verformung in der Lage sind, eine messbare [&hellip;]<\/p>\n","protected":false},"author":8,"featured_media":0,"parent":0,"menu_order":0,"comment_status":"closed","ping_status":"closed","template":"","meta":{"_et_pb_use_builder":"on","_et_pb_old_content":"","_et_gb_content_width":"","inline_featured_image":false,"footnotes":""},"class_list":["post-36571","page","type-page","status-publish","hentry"],"_links":{"self":[{"href":"https:\/\/sportquantum.com\/de\/wp-json\/wp\/v2\/pages\/36571","targetHints":{"allow":["GET"]}}],"collection":[{"href":"https:\/\/sportquantum.com\/de\/wp-json\/wp\/v2\/pages"}],"about":[{"href":"https:\/\/sportquantum.com\/de\/wp-json\/wp\/v2\/types\/page"}],"author":[{"embeddable":true,"href":"https:\/\/sportquantum.com\/de\/wp-json\/wp\/v2\/users\/8"}],"replies":[{"embeddable":true,"href":"https:\/\/sportquantum.com\/de\/wp-json\/wp\/v2\/comments?post=36571"}],"version-history":[{"count":3,"href":"https:\/\/sportquantum.com\/de\/wp-json\/wp\/v2\/pages\/36571\/revisions"}],"predecessor-version":[{"id":36598,"href":"https:\/\/sportquantum.com\/de\/wp-json\/wp\/v2\/pages\/36571\/revisions\/36598"}],"wp:attachment":[{"href":"https:\/\/sportquantum.com\/de\/wp-json\/wp\/v2\/media?parent=36571"}],"curies":[{"name":"wp","href":"https:\/\/api.w.org\/{rel}","templated":true}]}}