{"id":36585,"date":"2026-02-13T13:14:49","date_gmt":"2026-02-13T12:14:49","guid":{"rendered":"https:\/\/sportquantum.com\/?page_id=36585"},"modified":"2026-02-13T13:16:01","modified_gmt":"2026-02-13T12:16:01","slug":"uber-uns","status":"publish","type":"page","link":"https:\/\/sportquantum.com\/de\/uber-uns\/","title":{"rendered":"\u00dcber uns"},"content":{"rendered":"\n[et_pb_section fb_built=&#8220;1&#8243; theme_builder_area=&#8220;post_content&#8220; _builder_version=&#8220;4.27.5&#8243; _module_preset=&#8220;default&#8220;][et_pb_row _builder_version=&#8220;4.27.5&#8243; _module_preset=&#8220;default&#8220; theme_builder_area=&#8220;post_content&#8220;][et_pb_column _builder_version=&#8220;4.27.5&#8243; _module_preset=&#8220;default&#8220; type=&#8220;4_4&#8243; theme_builder_area=&#8220;post_content&#8220;][et_pb_text _builder_version=&#8220;4.27.5&#8243; _module_preset=&#8220;default&#8220; theme_builder_area=&#8220;post_content&#8220; hover_enabled=&#8220;0&#8243; sticky_enabled=&#8220;0&#8243;]<h1 class=\"entry-title main_title\">\u00dcber uns<\/h1>\n<div class=\"entry-content\"><\/div>\n<p>Das Unternehmen sport<strong>quantum<\/strong><span>\u00a0<\/span>entstand aus der Begeisterung und der Freundschaft von Jean-Marc, Robert und Jean, die sich im Labor des CEA Tech kennengelernt haben. Die Zusammenarbeit ergab sich aufgrund ihrer komplement\u00e4ren Erfahrungen und Kompetenzen wie selbstverst\u00e4ndlich: Physik, Elektronik, Informatik und der<span>\u00a0<\/span><strong>Schie\u00dfsport<\/strong><span>\u00a0<\/span>im Fall von Robert.<\/p>\n<p>Gemeinsam haben sie eine neue Technologie entwickelt, die einen Treffer anhand einer beispiellos pr\u00e4zisen Messung der durch das Projektil erzeugten Sto\u00dfwellen lokalisiert. Gemeinsam haben sie die ersten \u201cTouchscreen\u201e f\u00fcr Treffer erfunden und ein naheliegender Anwendungsbereich war nat\u00fcrlich der<span>\u00a0<\/span><strong>Schie\u00dfsport<\/strong>.<\/p>\n<p>&nbsp;<\/p>\n<p>Dank dieser Technologie kann sport<strong>quantum<\/strong><span>\u00a0<\/span>k\u00fcnftig allen Sportsch\u00fctzen eine revolution\u00e4re,<span>\u00a0<\/span><strong>interaktive elektronische Zielscheibe<\/strong><span>\u00a0<\/span>anbieten:<\/p>\n<ul>\n<li>die sie von der ersten \u00dcbung bis zum Wettkampf begleitet,<\/li>\n<li>die ihnen hilft, Fortschritte zu analysieren und zu optimieren,<\/li>\n<li>die ihrem Freizeitsport eine spielerische Komponente hinzuf\u00fcgt,<\/li>\n<li>die den Trainern hilft, Kinder und Jugendliche langfristig zu begeistern.<\/li>\n<\/ul>\n<p>Au\u00dferdem haben die drei mit dem CEA Tech einen internationalen renommierten verb\u00fcndeten gefunden, der sie bei der Projektrealisierung und der Verteidigung der Patente auf internationaler Ebene unterst\u00fctzte und Mitbegr\u00fcnder des Unternehmens wurde.<\/p>\n<p>Mittlerweile ist das Team gewachsen und sprudelt vor Kreativit\u00e4t, um Sportsch\u00fctzen, Trainer, Wettkampfteilnehmern und Vereinsvorsitzenden immer neue Hardware und Software anzubieten.<\/p>[\/et_pb_text][\/et_pb_column][\/et_pb_row][\/et_pb_section]\n","protected":false},"excerpt":{"rendered":"<p>\u00dcber uns Das Unternehmen sportquantum\u00a0entstand aus der Begeisterung und der Freundschaft von Jean-Marc, Robert und Jean, die sich im Labor des CEA Tech kennengelernt haben. Die Zusammenarbeit ergab sich aufgrund ihrer komplement\u00e4ren Erfahrungen und Kompetenzen wie selbstverst\u00e4ndlich: Physik, Elektronik, Informatik und der\u00a0Schie\u00dfsport\u00a0im Fall von Robert. Gemeinsam haben sie eine neue Technologie entwickelt, die einen Treffer [&hellip;]<\/p>\n","protected":false},"author":8,"featured_media":0,"parent":0,"menu_order":0,"comment_status":"closed","ping_status":"closed","template":"","meta":{"_et_pb_use_builder":"on","_et_pb_old_content":"","_et_gb_content_width":"","inline_featured_image":false,"footnotes":""},"class_list":["post-36585","page","type-page","status-publish","hentry"],"_links":{"self":[{"href":"https:\/\/sportquantum.com\/de\/wp-json\/wp\/v2\/pages\/36585","targetHints":{"allow":["GET"]}}],"collection":[{"href":"https:\/\/sportquantum.com\/de\/wp-json\/wp\/v2\/pages"}],"about":[{"href":"https:\/\/sportquantum.com\/de\/wp-json\/wp\/v2\/types\/page"}],"author":[{"embeddable":true,"href":"https:\/\/sportquantum.com\/de\/wp-json\/wp\/v2\/users\/8"}],"replies":[{"embeddable":true,"href":"https:\/\/sportquantum.com\/de\/wp-json\/wp\/v2\/comments?post=36585"}],"version-history":[{"count":3,"href":"https:\/\/sportquantum.com\/de\/wp-json\/wp\/v2\/pages\/36585\/revisions"}],"predecessor-version":[{"id":36589,"href":"https:\/\/sportquantum.com\/de\/wp-json\/wp\/v2\/pages\/36585\/revisions\/36589"}],"wp:attachment":[{"href":"https:\/\/sportquantum.com\/de\/wp-json\/wp\/v2\/media?parent=36585"}],"curies":[{"name":"wp","href":"https:\/\/api.w.org\/{rel}","templated":true}]}}